{"id":1589,"date":"2026-05-13T11:28:47","date_gmt":"2026-05-13T11:28:47","guid":{"rendered":"https:\/\/safevisionsysteme.de\/?page_id=1589"},"modified":"2026-05-13T11:28:47","modified_gmt":"2026-05-13T11:28:47","slug":"impressum","status":"publish","type":"page","link":"https:\/\/safevisionsysteme.de\/tr\/impressum\/","title":{"rendered":"K\u00dcNYE"},"content":{"rendered":"<p><br><\/p>\n\n\n\n<h1>K\u00dcNYE<\/h1>\n\n<p>Erhan S&ouml;ker<br \/>\nSafe Vision Systeme<br \/>\nZweibr&uuml;cker Str. 62<br \/>\n13583 Berlin<\/p>\n\n<h2>\u0130leti\u015fim<\/h2>\n<p>Telefon: 017660844988<br \/>\nE-Mail: erhan_soker@outlook.com<\/p>\n\n<h2>Katma De\u011fer Vergisi Numaras\u0131<\/h2>\n<p>Katma De\u011fer Vergisi Kanunu madde 27 a uyar\u0131nca Katma De\u011fer Vergisi Kimlik Numaras\u0131<br \/>\nDE459278602<\/p>\n\n<h2>Ticari Kimlik Numaras\u0131<\/h2>\n<p>DE459278602<\/p>\n\n<h2>T\u00fcketici Uyu\u015fmazl\u0131klar\u0131 \u00c7\u00f6z\u00fcm\u00fc \/ Genel Uzla\u015ft\u0131rma Kurulu<\/h2>\n<p>Bir t\u00fcketici uzla\u015ft\u0131rma kurulu \u00f6n\u00fcndeki uyu\u015fmazl\u0131k \u00e7\u00f6z\u00fcm prosed\u00fcrlerine kat\u0131lmaya istekli veya y\u00fck\u00fcml\u00fc de\u011filiz.<\/p>\n\n<p>Quelle: <a href=\"https:\/\/www.e-recht24.de\">https:\/\/www.e-recht24.de<\/a><\/p>","protected":false},"excerpt":{"rendered":"<p>Impressum Erhan S&ouml;ker Safe Vision Systeme Zweibr&uuml;cker Str. 62 13583 Berlin Kontakt Telefon: 017660844988 E-Mail: erhan_soker@outlook.com Umsatzsteuer-ID Umsatzsteuer-Identifikationsnummer gem&auml;&szlig; &sect; 27 a Umsatzsteuergesetz: DE459278602 Wirtschafts&shy;identifikations&shy;nummer DE459278602 Verbraucher&shy;streit&shy;beilegung\/Universal&shy;schlichtungs&shy;stelle Wir sind nicht bereit oder verpflichtet, an Streitbeilegungsverfahren vor einer Verbraucherschlichtungsstelle teilzunehmen. Quelle: https:\/\/www.e-recht24.de<\/p>","protected":false},"author":1,"featured_media":0,"parent":0,"menu_order":0,"comment_status":"closed","ping_status":"closed","template":"","meta":{"_uag_custom_page_level_css":"","site-sidebar-layout":"default","site-content-layout":"","ast-site-content-layout":"default","site-content-style":"default","site-sidebar-style":"default","ast-global-header-display":"","ast-banner-title-visibility":"","ast-main-header-display":"","ast-hfb-above-header-display":"","ast-hfb-below-header-display":"","ast-hfb-mobile-header-display":"","site-post-title":"","ast-breadcrumbs-content":"","ast-featured-img":"","footer-sml-layout":"","ast-disable-related-posts":"","theme-transparent-header-meta":"","adv-header-id-meta":"","stick-header-meta":"","header-above-stick-meta":"","header-main-stick-meta":"","header-below-stick-meta":"","astra-migrate-meta-layouts":"set","ast-page-background-enabled":"default","ast-page-background-meta":{"desktop":{"background-color":"var(--ast-global-color-4)","background-image":"","background-repeat":"repeat","background-position":"center center","background-size":"auto","background-attachment":"scroll","background-type":"","background-media":"","overlay-type":"","overlay-color":"","overlay-opacity":"","overlay-gradient":""},"tablet":{"background-color":"","background-image":"","background-repeat":"repeat","background-position":"center center","background-size":"auto","background-attachment":"scroll","background-type":"","background-media":"","overlay-type":"","overlay-color":"","overlay-opacity":"","overlay-gradient":""},"mobile":{"background-color":"","background-image":"","background-repeat":"repeat","background-position":"center center","background-size":"auto","background-attachment":"scroll","background-type":"","background-media":"","overlay-type":"","overlay-color":"","overlay-opacity":"","overlay-gradient":""}},"ast-content-background-meta":{"desktop":{"background-color":"var(--ast-global-color-5)","background-image":"","background-repeat":"repeat","background-position":"center center","background-size":"auto","background-attachment":"scroll","background-type":"","background-media":"","overlay-type":"","overlay-color":"","overlay-opacity":"","overlay-gradient":""},"tablet":{"background-color":"var(--ast-global-color-5)","background-image":"","background-repeat":"repeat","background-position":"center center","background-size":"auto","background-attachment":"scroll","background-type":"","background-media":"","overlay-type":"","overlay-color":"","overlay-opacity":"","overlay-gradient":""},"mobile":{"background-color":"var(--ast-global-color-5)","background-image":"","background-repeat":"repeat","background-position":"center center","background-size":"auto","background-attachment":"scroll","background-type":"","background-media":"","overlay-type":"","overlay-color":"","overlay-opacity":"","overlay-gradient":""}},"footnotes":""},"class_list":["post-1589","page","type-page","status-publish","hentry"],"_hostinger_reach_plugin_has_subscription_block":false,"_hostinger_reach_plugin_is_elementor":false,"uagb_featured_image_src":{"full":false,"thumbnail":false,"medium":false,"medium_large":false,"large":false,"1536x1536":false,"2048x2048":false,"trp-custom-language-flag":false},"uagb_author_info":{"display_name":"erhn.soker","author_link":"https:\/\/safevisionsysteme.de\/tr\/author\/erhn-soker\/"},"uagb_comment_info":0,"uagb_excerpt":"Impressum Erhan S&ouml;ker Safe Vision Systeme Zweibr&uuml;cker Str. 62 13583 Berlin Kontakt Telefon: 017660844988 E-Mail: erhan_soker@outlook.com Umsatzsteuer-ID Umsatzsteuer-Identifikationsnummer gem&auml;&szlig; &sect; 27 a Umsatzsteuergesetz: DE459278602 Wirtschafts&shy;identifikations&shy;nummer DE459278602 Verbraucher&shy;streit&shy;beilegung\/Universal&shy;schlichtungs&shy;stelle Wir sind nicht bereit oder verpflichtet, an Streitbeilegungsverfahren vor einer Verbraucherschlichtungsstelle teilzunehmen. Quelle: https:\/\/www.e-recht24.de","_links":{"self":[{"href":"https:\/\/safevisionsysteme.de\/tr\/wp-json\/wp\/v2\/pages\/1589","targetHints":{"allow":["GET"]}}],"collection":[{"href":"https:\/\/safevisionsysteme.de\/tr\/wp-json\/wp\/v2\/pages"}],"about":[{"href":"https:\/\/safevisionsysteme.de\/tr\/wp-json\/wp\/v2\/types\/page"}],"author":[{"embeddable":true,"href":"https:\/\/safevisionsysteme.de\/tr\/wp-json\/wp\/v2\/users\/1"}],"replies":[{"embeddable":true,"href":"https:\/\/safevisionsysteme.de\/tr\/wp-json\/wp\/v2\/comments?post=1589"}],"version-history":[{"count":1,"href":"https:\/\/safevisionsysteme.de\/tr\/wp-json\/wp\/v2\/pages\/1589\/revisions"}],"predecessor-version":[{"id":1590,"href":"https:\/\/safevisionsysteme.de\/tr\/wp-json\/wp\/v2\/pages\/1589\/revisions\/1590"}],"wp:attachment":[{"href":"https:\/\/safevisionsysteme.de\/tr\/wp-json\/wp\/v2\/media?parent=1589"}],"curies":[{"name":"wp","href":"https:\/\/api.w.org\/{rel}","templated":true}]}}